{"id":9,"date":"2024-07-12T12:52:19","date_gmt":"2024-07-12T10:52:19","guid":{"rendered":"http:\/\/www.lessoinsde-co.fr\/?page_id=9"},"modified":"2025-02-21T17:12:50","modified_gmt":"2025-02-21T16:12:50","slug":"pricing","status":"publish","type":"page","link":"https:\/\/www.ovelina.fr\/index.php\/pricing\/","title":{"rendered":"Les prix"},"content":{"rendered":"\n<p>Les prix affich\u00e9s n&rsquo;incluent pas les frais de d\u00e9placement \u00e0 votre domicile.<\/p>\n\n\n\n<figure class=\"wp-block-gallery has-nested-images columns-default is-cropped wp-block-gallery-1 is-layout-flex wp-block-gallery-is-layout-flex\">\n<figure class=\"wp-block-image size-large\"><img loading=\"lazy\" decoding=\"async\" width=\"336\" height=\"280\" data-id=\"192\" src=\"https:\/\/www.lessoinsde-co.fr\/wp-content\/uploads\/2024\/07\/1.jpg\" alt=\"\" class=\"wp-image-192\" srcset=\"https:\/\/www.ovelina.fr\/wp-content\/uploads\/2024\/07\/1.jpg 336w, https:\/\/www.ovelina.fr\/wp-content\/uploads\/2024\/07\/1-300x250.jpg 300w, https:\/\/www.ovelina.fr\/wp-content\/uploads\/2024\/07\/1-72x60.jpg 72w\" sizes=\"auto, (max-width: 336px) 100vw, 336px\" \/><\/figure>\n\n\n\n<figure class=\"wp-block-image size-large\"><img loading=\"lazy\" decoding=\"async\" width=\"336\" height=\"280\" data-id=\"193\" src=\"https:\/\/www.lessoinsde-co.fr\/wp-content\/uploads\/2024\/07\/2.jpg\" alt=\"\" class=\"wp-image-193\" srcset=\"https:\/\/www.ovelina.fr\/wp-content\/uploads\/2024\/07\/2.jpg 336w, https:\/\/www.ovelina.fr\/wp-content\/uploads\/2024\/07\/2-300x250.jpg 300w, https:\/\/www.ovelina.fr\/wp-content\/uploads\/2024\/07\/2-72x60.jpg 72w\" sizes=\"auto, (max-width: 336px) 100vw, 336px\" \/><\/figure>\n\n\n\n<figure class=\"wp-block-image size-large\"><img loading=\"lazy\" decoding=\"async\" width=\"336\" height=\"280\" data-id=\"196\" src=\"https:\/\/www.lessoinsde-co.fr\/wp-content\/uploads\/2024\/07\/4.jpg\" alt=\"\" class=\"wp-image-196\" srcset=\"https:\/\/www.ovelina.fr\/wp-content\/uploads\/2024\/07\/4.jpg 336w, https:\/\/www.ovelina.fr\/wp-content\/uploads\/2024\/07\/4-300x250.jpg 300w, https:\/\/www.ovelina.fr\/wp-content\/uploads\/2024\/07\/4-72x60.jpg 72w\" sizes=\"auto, (max-width: 336px) 100vw, 336px\" \/><\/figure>\n\n\n\n<figure class=\"wp-block-image size-large\"><img loading=\"lazy\" decoding=\"async\" width=\"336\" height=\"280\" data-id=\"197\" src=\"https:\/\/www.lessoinsde-co.fr\/wp-content\/uploads\/2024\/07\/5.jpg\" alt=\"\" class=\"wp-image-197\" srcset=\"https:\/\/www.ovelina.fr\/wp-content\/uploads\/2024\/07\/5.jpg 336w, https:\/\/www.ovelina.fr\/wp-content\/uploads\/2024\/07\/5-300x250.jpg 300w, https:\/\/www.ovelina.fr\/wp-content\/uploads\/2024\/07\/5-72x60.jpg 72w\" sizes=\"auto, (max-width: 336px) 100vw, 336px\" \/><\/figure>\n\n\n\n<figure class=\"wp-block-image size-large\"><img loading=\"lazy\" decoding=\"async\" width=\"336\" height=\"280\" data-id=\"198\" src=\"https:\/\/www.lessoinsde-co.fr\/wp-content\/uploads\/2024\/07\/6.jpg\" alt=\"\" class=\"wp-image-198\" srcset=\"https:\/\/www.ovelina.fr\/wp-content\/uploads\/2024\/07\/6.jpg 336w, https:\/\/www.ovelina.fr\/wp-content\/uploads\/2024\/07\/6-300x250.jpg 300w, https:\/\/www.ovelina.fr\/wp-content\/uploads\/2024\/07\/6-72x60.jpg 72w\" sizes=\"auto, (max-width: 336px) 100vw, 336px\" \/><\/figure>\n\n\n\n<figure class=\"wp-block-image size-large\"><img loading=\"lazy\" decoding=\"async\" width=\"336\" height=\"280\" data-id=\"199\" src=\"https:\/\/www.lessoinsde-co.fr\/wp-content\/uploads\/2024\/07\/7.jpg\" alt=\"\" class=\"wp-image-199\" srcset=\"https:\/\/www.ovelina.fr\/wp-content\/uploads\/2024\/07\/7.jpg 336w, https:\/\/www.ovelina.fr\/wp-content\/uploads\/2024\/07\/7-300x250.jpg 300w, https:\/\/www.ovelina.fr\/wp-content\/uploads\/2024\/07\/7-72x60.jpg 72w\" sizes=\"auto, (max-width: 336px) 100vw, 336px\" \/><\/figure>\n<\/figure>\n\n\n\n<figure class=\"wp-block-gallery has-nested-images columns-default is-cropped wp-block-gallery-2 is-layout-flex wp-block-gallery-is-layout-flex\">\n<figure class=\"wp-block-image size-large\"><img loading=\"lazy\" decoding=\"async\" width=\"336\" height=\"280\" data-id=\"237\" src=\"https:\/\/www.lessoinsde-co.fr\/wp-content\/uploads\/2024\/10\/tarifs1.jpg\" alt=\"\" class=\"wp-image-237\" srcset=\"https:\/\/www.ovelina.fr\/wp-content\/uploads\/2024\/10\/tarifs1.jpg 336w, https:\/\/www.ovelina.fr\/wp-content\/uploads\/2024\/10\/tarifs1-300x250.jpg 300w, https:\/\/www.ovelina.fr\/wp-content\/uploads\/2024\/10\/tarifs1-72x60.jpg 72w\" sizes=\"auto, (max-width: 336px) 100vw, 336px\" \/><\/figure>\n\n\n\n<figure class=\"wp-block-image size-large\"><img loading=\"lazy\" decoding=\"async\" width=\"336\" height=\"280\" data-id=\"236\" src=\"https:\/\/www.lessoinsde-co.fr\/wp-content\/uploads\/2024\/10\/tarifs.jpg\" alt=\"\" class=\"wp-image-236\" srcset=\"https:\/\/www.ovelina.fr\/wp-content\/uploads\/2024\/10\/tarifs.jpg 336w, https:\/\/www.ovelina.fr\/wp-content\/uploads\/2024\/10\/tarifs-300x250.jpg 300w, https:\/\/www.ovelina.fr\/wp-content\/uploads\/2024\/10\/tarifs-72x60.jpg 72w\" sizes=\"auto, (max-width: 336px) 100vw, 336px\" \/><\/figure>\n<\/figure>\n\n\n\n\n\n<p><\/p>\n","protected":false},"excerpt":{"rendered":"<p>Les prix affich\u00e9s n&rsquo;incluent pas les frais de d\u00e9placement \u00e0 votre domicile.<\/p>\n","protected":false},"author":1,"featured_media":69,"parent":0,"menu_order":0,"comment_status":"closed","ping_status":"closed","template":"","meta":{"footnotes":""},"class_list":["post-9","page","type-page","status-publish","has-post-thumbnail","hentry","latest_post"],"aioseo_notices":[],"_links":{"self":[{"href":"https:\/\/www.ovelina.fr\/index.php\/wp-json\/wp\/v2\/pages\/9","targetHints":{"allow":["GET"]}}],"collection":[{"href":"https:\/\/www.ovelina.fr\/index.php\/wp-json\/wp\/v2\/pages"}],"about":[{"href":"https:\/\/www.ovelina.fr\/index.php\/wp-json\/wp\/v2\/types\/page"}],"author":[{"embeddable":true,"href":"https:\/\/www.ovelina.fr\/index.php\/wp-json\/wp\/v2\/users\/1"}],"replies":[{"embeddable":true,"href":"https:\/\/www.ovelina.fr\/index.php\/wp-json\/wp\/v2\/comments?post=9"}],"version-history":[{"count":2,"href":"https:\/\/www.ovelina.fr\/index.php\/wp-json\/wp\/v2\/pages\/9\/revisions"}],"predecessor-version":[{"id":307,"href":"https:\/\/www.ovelina.fr\/index.php\/wp-json\/wp\/v2\/pages\/9\/revisions\/307"}],"wp:featuredmedia":[{"embeddable":true,"href":"https:\/\/www.ovelina.fr\/index.php\/wp-json\/wp\/v2\/media\/69"}],"wp:attachment":[{"href":"https:\/\/www.ovelina.fr\/index.php\/wp-json\/wp\/v2\/media?parent=9"}],"curies":[{"name":"wp","href":"https:\/\/api.w.org\/{rel}","templated":true}]}}