{"id":124,"date":"2024-07-29T09:46:37","date_gmt":"2024-07-29T07:46:37","guid":{"rendered":"https:\/\/www.lessoinsde-co.fr\/?page_id=124"},"modified":"2024-11-27T16:29:01","modified_gmt":"2024-11-27T15:29:01","slug":"pour-les-femmes","status":"publish","type":"page","link":"https:\/\/www.ovelina.fr\/index.php\/les-service\/pour-les-femmes\/","title":{"rendered":"Pour les femmes"},"content":{"rendered":"\n<p><strong>Epilations<\/strong><\/p>\n\n\n\n<p>Sourcils  15\u20ac<\/p>\n\n\n\n<p>L\u00e8vres ou menton  9\u20ac<\/p>\n\n\n\n<p>Aisselles  10\u20ac<\/p>\n\n\n\n<p>Demi-jambes  17\u20ac<\/p>\n\n\n\n<p>Jambes compl\u00e8tes  27\u20ac<\/p>\n\n\n\n<p>Maillot \u00e9chancr\u00e9  20\u20ac<\/p>\n\n\n\n<p>Maillot semi-integral  28\u20ac<\/p>\n\n\n\n<p>Maillot int\u00e9gral  32\u20ac<\/p>\n\n\n\n<p><\/p>\n\n\n\n<p><strong>Mad\u00e9roth\u00e9rapie<\/strong> : La mad\u00e9roth\u00e9rapie, ou th\u00e9rapie par le bois, <strong>est une technique de massage ancestrale originaire de Colombie qui consiste \u00e0 masser le corps \u00e0 l&rsquo;aide d&rsquo;outils en bois<\/strong>. Ce drainage naturel travaille en symbiose pour une relaxation profonde ainsi qu&rsquo;une r\u00e9duction visible de la cellulite pour un corps remodel\u00e9 et tonifi\u00e9<\/p>\n\n\n\n<p>Jambes 55min  80\u20ac<\/p>\n\n\n\n<p>Fesses 10min  20\u20ac<\/p>\n\n\n\n<p>Jambes+fesses 1H15  100\u20ac<\/p>\n\n\n\n<p>Ventre\/taille 30min  55\u20ac<\/p>\n\n\n\n<p>Dos 15min  20\u20ac<\/p>\n\n\n\n<p>Bras 20min  20\u20ac<\/p>\n\n\n\n<p>Cure 5 s\u00e9ances + 1 s\u00e9ance offerte (tarif selon zones)<\/p>\n\n\n\n<p>Cure 10 s\u00e9ances + 1 s\u00e9ance offerte (tarif selon zones)<\/p>\n\n\n\n<p><\/p>\n\n\n\n<p><strong>Manucure et soins des pieds<\/strong><\/p>\n\n\n\n<p>Manucure simple 20 \u00e0 30 minutes  20\u20ac<\/p>\n\n\n\n<p>Pose de vernis semi-permanent mains  25\u20ac<\/p>\n\n\n\n<p>Pose de vernis semi-permanent pieds  25\u20ac<\/p>\n\n\n\n<p>Soin complet des mains ou des pieds 60min  45\u20ac<\/p>\n\n\n\n<p><\/p>\n","protected":false},"excerpt":{"rendered":"<p>Epilations Sourcils 15\u20ac L\u00e8vres ou menton 9\u20ac Aisselles 10\u20ac Demi-jambes 17\u20ac Jambes compl\u00e8tes 27\u20ac Maillot \u00e9chancr\u00e9 20\u20ac Maillot semi-integral 28\u20ac Maillot int\u00e9gral 32\u20ac Mad\u00e9roth\u00e9rapie : La mad\u00e9roth\u00e9rapie, ou th\u00e9rapie par &hellip; <\/p>\n","protected":false},"author":1,"featured_media":133,"parent":97,"menu_order":0,"comment_status":"closed","ping_status":"closed","template":"","meta":{"footnotes":""},"class_list":["post-124","page","type-page","status-publish","has-post-thumbnail","hentry","latest_post"],"aioseo_notices":[],"_links":{"self":[{"href":"https:\/\/www.ovelina.fr\/index.php\/wp-json\/wp\/v2\/pages\/124","targetHints":{"allow":["GET"]}}],"collection":[{"href":"https:\/\/www.ovelina.fr\/index.php\/wp-json\/wp\/v2\/pages"}],"about":[{"href":"https:\/\/www.ovelina.fr\/index.php\/wp-json\/wp\/v2\/types\/page"}],"author":[{"embeddable":true,"href":"https:\/\/www.ovelina.fr\/index.php\/wp-json\/wp\/v2\/users\/1"}],"replies":[{"embeddable":true,"href":"https:\/\/www.ovelina.fr\/index.php\/wp-json\/wp\/v2\/comments?post=124"}],"version-history":[{"count":2,"href":"https:\/\/www.ovelina.fr\/index.php\/wp-json\/wp\/v2\/pages\/124\/revisions"}],"predecessor-version":[{"id":330,"href":"https:\/\/www.ovelina.fr\/index.php\/wp-json\/wp\/v2\/pages\/124\/revisions\/330"}],"up":[{"embeddable":true,"href":"https:\/\/www.ovelina.fr\/index.php\/wp-json\/wp\/v2\/pages\/97"}],"wp:featuredmedia":[{"embeddable":true,"href":"https:\/\/www.ovelina.fr\/index.php\/wp-json\/wp\/v2\/media\/133"}],"wp:attachment":[{"href":"https:\/\/www.ovelina.fr\/index.php\/wp-json\/wp\/v2\/media?parent=124"}],"curies":[{"name":"wp","href":"https:\/\/api.w.org\/{rel}","templated":true}]}}